{"id":101774,"date":"2023-04-09T15:14:01","date_gmt":"2023-04-09T13:14:01","guid":{"rendered":"https:\/\/www.ime-light.de\/service-2\/"},"modified":"2024-10-08T08:58:53","modified_gmt":"2024-10-08T06:58:53","slug":"service-2","status":"publish","type":"page","link":"https:\/\/www.ime-light.de\/en\/service-2\/","title":{"rendered":"Service"},"content":{"rendered":"<p>[et_pb_section fb_built=&#8221;1&#8243; _builder_version=&#8221;4.21.0&#8243; _module_preset=&#8221;default&#8221; use_background_color_gradient=&#8221;on&#8221; background_color_gradient_direction=&#8221;45deg&#8221; background_color_gradient_stops=&#8221;rgba(0,0,0,0.6) 0%|rgba(0,0,0,0.6) 100%&#8221; background_color_gradient_overlays_image=&#8221;on&#8221; background_image=&#8221;https:\/\/www.ime-light.de\/wp-content\/uploads\/2023\/06\/service_autolift_01.jpg&#8221; background_position=&#8221;top_center&#8221; global_colors_info=&#8221;{}&#8221;][et_pb_row _builder_version=&#8221;4.17.3&#8243; _module_preset=&#8221;default&#8221; custom_padding=&#8221;||0px||false|false&#8221; global_colors_info=&#8221;{}&#8221;][et_pb_column type=&#8221;4_4&#8243; _builder_version=&#8221;4.17.3&#8243; _module_preset=&#8221;default&#8221; global_colors_info=&#8221;{}&#8221;][et_pb_text admin_label=&#8221;IME-Light&#8221; _builder_version=&#8221;4.20.4&#8243; _module_preset=&#8221;default&#8221; text_font=&#8221;|700||on|||||&#8221; text_text_color=&#8221;gcid-7ce7b00a-a0f7-4559-8af2-0adef5afd391&#8243; text_font_size=&#8221;15px&#8221; custom_margin=&#8221;||2px|2px|false|false&#8221; global_colors_info=&#8221;{%22gcid-7ce7b00a-a0f7-4559-8af2-0adef5afd391%22:%91%22text_text_color%22%93}&#8221;]<\/p>\n<p>IME-Light<\/p>\n<p>[\/et_pb_text][et_pb_text admin_label=&#8221;Service&#8221; _builder_version=&#8221;4.20.4&#8243; _module_preset=&#8221;default&#8221; header_font=&#8221;||||||||&#8221; header_text_color=&#8221;#FFFFFF&#8221; header_font_size=&#8221;60px&#8221; header_2_text_color=&#8221;#FFFFFF&#8221; custom_margin=&#8221;||0px||false|false&#8221; global_colors_info=&#8221;{}&#8221;]<\/p>\n<h1>Service<\/h1>\n<p>[\/et_pb_text][\/et_pb_column][\/et_pb_row][et_pb_row _builder_version=&#8221;4.17.3&#8243; _module_preset=&#8221;default&#8221; custom_padding=&#8221;0px||||false|false&#8221; global_colors_info=&#8221;{}&#8221;][et_pb_column type=&#8221;4_4&#8243; _builder_version=&#8221;4.17.3&#8243; _module_preset=&#8221;default&#8221; global_colors_info=&#8221;{}&#8221;][et_pb_divider color=&#8221;gcid-7ce7b00a-a0f7-4559-8af2-0adef5afd391&#8243; _builder_version=&#8221;4.17.3&#8243; _module_preset=&#8221;default&#8221; height=&#8221;0px&#8221; custom_margin=&#8221;||0px||false|false&#8221; custom_padding=&#8221;||||false|false&#8221; global_colors_info=&#8221;{%22gcid-7ce7b00a-a0f7-4559-8af2-0adef5afd391%22:%91%22border_color_right%22,%22color%22%93}&#8221;][\/et_pb_divider][\/et_pb_column][\/et_pb_row][\/et_pb_section][et_pb_section fb_built=&#8221;1&#8243; disabled_on=&#8221;off|off|off&#8221; _builder_version=&#8221;4.21.0&#8243; _module_preset=&#8221;default&#8221; background_image=&#8221;https:\/\/www.ime-light.de\/wp-content\/uploads\/2023\/03\/corner-dots-left-top.png&#8221; background_size=&#8221;initial&#8221; background_position=&#8221;top_left&#8221; global_colors_info=&#8221;{}&#8221;][et_pb_row column_structure=&#8221;2_3,1_3&#8243; _builder_version=&#8221;4.20.2&#8243; _module_preset=&#8221;default&#8221; custom_padding=&#8221;0px||35px||false|false&#8221; global_colors_info=&#8221;{}&#8221;][et_pb_column type=&#8221;2_3&#8243; _builder_version=&#8221;4.17.3&#8243; _module_preset=&#8221;default&#8221; global_colors_info=&#8221;{}&#8221;][et_pb_text admin_label=&#8221;Building the future&#8221; _builder_version=&#8221;4.20.4&#8243; _module_preset=&#8221;default&#8221; text_font=&#8221;|700||on|||||&#8221; text_text_color=&#8221;gcid-7ce7b00a-a0f7-4559-8af2-0adef5afd391&#8243; text_font_size=&#8221;15px&#8221; custom_margin=&#8221;||2px|2px|false|false&#8221; global_colors_info=&#8221;{%22gcid-7ce7b00a-a0f7-4559-8af2-0adef5afd391%22:%91%22text_text_color%22%93}&#8221;]<\/p>\n<p>Building the future<\/p>\n<p>[\/et_pb_text][et_pb_text admin_label=&#8221;Die Aufgabe&#8221; _builder_version=&#8221;4.20.4&#8243; _module_preset=&#8221;default&#8221; global_colors_info=&#8221;{}&#8221;]<\/p>\n<h2>The task<\/h2>\n<p>[\/et_pb_text][et_pb_text admin_label=&#8221;Zufriedene Kunden sind der Schl\u00fcssel f\u00fcr Wiederholungsk\u00e4uf&#8221; _builder_version=&#8221;4.21.0&#8243; _module_preset=&#8221;default&#8221; custom_padding=&#8221;||||true|true&#8221; global_colors_info=&#8221;{}&#8221;]<\/p>\n<p>Satisfied customers are the key to repeat purchases. In line with this guiding principle, we not only develop and build reliable, robust systems, but also accompany them throughout their product life. <\/p>\n<p>To ensure that these are not just empty phrases, Autolift has the necessary human resources and employs a service team made up of experienced back office employees and skilled service technicians. In order to cover a geographical area as large as possible, service technicians were hired in our key target markets. This means that they can travel to their locations from home and we prevent or reduce unnecessarily long journeys and response times.<\/p>\n<p>[\/et_pb_text][et_pb_text admin_label=&#8221;Die Kernkompetenzen unserer Serviceabteilung sind:&#8221; _builder_version=&#8221;4.21.0&#8243; _module_preset=&#8221;default&#8221; global_colors_info=&#8221;{}&#8221;]<\/p>\n<p>The core competencies of our service department are:<\/p>\n<p>[\/et_pb_text][et_pb_accordion icon_color=&#8221;#ffffff&#8221; admin_label=&#8221;Accordion 9&#8243; module_class=&#8221;dct_faq_v9&#8243; _builder_version=&#8221;4.21.0&#8243; _module_preset=&#8221;default&#8221; toggle_font=&#8221;|700||on|||||&#8221; body_text_color=&#8221;#666464&#8243; custom_css_toggle_title=&#8221;border-top: 0;||background: #eee;||border-bottom: 1px solid transparent;||display: block;||padding: 14px 40px;||position: relative;&#8221; custom_css_toggle_icon=&#8221;content: %22%924c%22;||\tfont-family: ETmodules!important;||top: 10px;||\tright: 0;||\tfont-size: 22px;||\tline-height: 24px;||\tdisplay: block!important;||\t-webkit-box-sizing: border-box;||\t-moz-box-sizing: border-box;||\tbox-sizing: border-box;||\tfont-weight: 700;||\tbackground: #a21a17;||\tpadding: 10px&#8221; custom_css_toggle_content=&#8221;border-top: 0 none;||background: #eee;||padding: 15px 27px;&#8221; locked=&#8221;off&#8221; global_colors_info=&#8221;{}&#8221;][et_pb_accordion_item title=&#8221;Competent advice &#8221; open=&#8221;on&#8221; _builder_version=&#8221;4.16&#8243; _module_preset=&#8221;default&#8221; custom_margin=&#8221;||6px||false|false&#8221; custom_padding=&#8221;0px|0px|0px|0px|false|false&#8221; border_width_left=&#8221;5px&#8221; border_color_left=&#8221;#cc0000&#8243; global_colors_info=&#8221;{}&#8221;]<\/p>\n<p> You will receive fast, competent advice from our back office staff by e-mail or phone<\/p>\n<p>[\/et_pb_accordion_item][et_pb_accordion_item title=&#8221;On-site service by factory customer service &#8221; _builder_version=&#8221;4.16&#8243; _module_preset=&#8221;default&#8221; custom_margin=&#8221;||6px||false|false&#8221; custom_padding=&#8221;0px|0px|0px|0px|false|false&#8221; border_width_left=&#8221;5px&#8221; border_color_left=&#8221;#cc0000&#8243; global_colors_info=&#8221;{}&#8221; open=&#8221;off&#8221;]<\/p>\n<ul>\n<li>Our well-equipped factory customer service technicians are always up to date and very familiar with our machines.<\/li>\n<li><strong>Service vehicles<\/strong><\/li>\n<li>We always have all common spare parts in stock in our service vehicles. We support you quickly and easily on site with extensive service and repair services.<\/li>\n<\/ul>\n<p>[\/et_pb_accordion_item][et_pb_accordion_item title=&#8221;Spare parts availability &#8221; _builder_version=&#8221;4.16&#8243; _module_preset=&#8221;default&#8221; custom_margin=&#8221;||6px||false|false&#8221; custom_padding=&#8221;0px|0px|0px|0px|false|false&#8221; border_width_left=&#8221;5px&#8221; border_color_left=&#8221;#cc0000&#8243; global_colors_info=&#8221;{}&#8221; open=&#8221;off&#8221;]<\/p>\n<ul>\n<li>Autolift products are characterized by a very long service life. Since the need for spare parts usually increases with the age of the system, availability of spare parts up to the high \u201clife cycle age\u201d is essential.<\/li>\n<li>Autolift guarantees spare parts availability for up to 30 years. And often longer.<\/li>\n<li>The administrative processing is carried out by our experienced back office team.<\/li>\n<\/ul>\n<p>[\/et_pb_accordion_item][et_pb_accordion_item title=&#8221;Preventive maintenance &#8221; _builder_version=&#8221;4.16&#8243; _module_preset=&#8221;default&#8221; custom_margin=&#8221;||6px||false|false&#8221; custom_padding=&#8221;0px|0px|0px|0px|false|false&#8221; border_width_left=&#8221;5px&#8221; border_color_left=&#8221;#cc0000&#8243; global_colors_info=&#8221;{}&#8221; open=&#8221;off&#8221;]<\/p>\n<ul>\n<li>With preventive maintenance, downtimes can be reduced considerably.<\/li>\n<li>Factory service arrives at pre-planned dates with the right spare and wear parts and carries out the maintenance work on schedule.<\/li>\n<li>The system is handed back to the operator with the very high certainty that there will be no unplanned downtimes until the next maintenance date.<\/li>\n<\/ul>\n<p>[\/et_pb_accordion_item][et_pb_accordion_item title=&#8221;Annual reviews &#8221; _builder_version=&#8221;4.16&#8243; _module_preset=&#8221;default&#8221; custom_margin=&#8221;||6px||false|false&#8221; custom_padding=&#8221;0px|0px|0px|0px|false|false&#8221; border_width_left=&#8221;5px&#8221; border_color_left=&#8221;#cc0000&#8243; global_colors_info=&#8221;{}&#8221; open=&#8221;off&#8221;]Annual reviews are regulated differently from country to country. In Germany, for example, an annual inspection (UVV inspection) is required by law in the accident prevention regulations. Our technicians will be happy to carry out this for you. If it is combined with annual maintenance, your costs and downtimes are reduced. [\/et_pb_accordion_item][\/et_pb_accordion][\/et_pb_column][et_pb_column type=&#8221;1_3&#8243; _builder_version=&#8221;4.20.2&#8243; _module_preset=&#8221;default&#8221; background_color=&#8221;#f4f4f4&#8243; custom_padding=&#8221;35px|35px|35px|35px|true|true&#8221; sticky_position=&#8221;top&#8221; sticky_offset_top=&#8221;35px&#8221; sticky_limit_bottom=&#8221;row&#8221; sticky_position_tablet=&#8221;none&#8221; sticky_position_phone=&#8221;none&#8221; sticky_position_last_edited=&#8221;on|tablet&#8221; border_radii=&#8221;on|10px|10px|10px|10px&#8221; global_colors_info=&#8221;{}&#8221;][et_pb_text admin_label=&#8221;Sie haben eine Frage&#8221; _builder_version=&#8221;4.20.2&#8243; _module_preset=&#8221;default&#8221; text_font=&#8221;|700||on|||||&#8221; text_text_color=&#8221;gcid-7ce7b00a-a0f7-4559-8af2-0adef5afd391&#8243; text_font_size=&#8221;15px&#8221; custom_margin=&#8221;||2px|2px|false|false&#8221; global_colors_info=&#8221;{%22gcid-7ce7b00a-a0f7-4559-8af2-0adef5afd391%22:%91%22text_text_color%22%93}&#8221;]<\/p>\n<p>You have a question<\/p>\n<p>[\/et_pb_text][et_pb_text admin_label=&#8221;Rufen Sie uns an&#8221; _builder_version=&#8221;4.20.2&#8243; _module_preset=&#8221;default&#8221; header_3_text_color=&#8221;gcid-6a20288c-6d7a-4d43-9ee7-c9d54b4fa774&#8243; header_3_font_size=&#8221;32px&#8221; custom_margin=&#8221;||15px||false|false&#8221; global_colors_info=&#8221;{%22gcid-6a20288c-6d7a-4d43-9ee7-c9d54b4fa774%22:%91%22header_3_text_color%22%93}&#8221;]<\/p>\n<h3>Please call us<\/h3>\n<p>[\/et_pb_text][et_pb_blurb title=&#8221;Thomas Leist&#8221; image=&#8221;https:\/\/www.ime-light.de\/wp-content\/uploads\/2023\/03\/Thomas-Leist_b.jpg&#8221; icon_placement=&#8221;left&#8221; image_icon_width=&#8221;65px&#8221; admin_label=&#8221;Thomas Leist&#8221; _builder_version=&#8221;4.24.2&#8243; _module_preset=&#8221;default&#8221; header_text_color=&#8221;#7f0b0b&#8221; header_font_size=&#8221;20px&#8221; header_line_height=&#8221;23px&#8221; body_font=&#8221;||||||||&#8221; body_text_color=&#8221;#000000&#8243; body_link_text_color=&#8221;#7f0b0b&#8221; custom_margin=&#8221;0px||20px||false|false&#8221; custom_padding=&#8221;0px||0px||true|false&#8221; animation=&#8221;off&#8221; global_module=&#8221;101471&#8243; saved_tabs=&#8221;all&#8221; global_colors_info=&#8221;{%22gcid-29656d8e-6045-4912-acfa-cca5d7340660%22:%91%22header_text_color%22,%22body_link_text_color%22%93,%22gcid-6a20288c-6d7a-4d43-9ee7-c9d54b4fa774%22:%91%22header_text_color%22%93,%22gcid-345e9b05-4ef7-422e-aba7-f43da3771899%22:%91%22body_text_color%22,%22body_link_text_color%22%93}&#8221;]<\/p>\n<p>Serviceleitung<\/p>\n<h5><a href=\"tel:+43662450588504\">+43 662 450588 504<\/a><\/h5>\n<p>[\/et_pb_blurb][\/et_pb_column][\/et_pb_row][\/et_pb_section][et_pb_section fb_built=&#8221;1&#8243; disabled_on=&#8221;off|off|off&#8221; module_id=&#8221;challenge&#8221; _builder_version=&#8221;4.17.3&#8243; _module_preset=&#8221;default&#8221; custom_padding=&#8221;0px||||false|false&#8221; global_colors_info=&#8221;{}&#8221;][et_pb_row column_structure=&#8221;1_3,1_3,1_3&#8243; _builder_version=&#8221;4.17.3&#8243; _module_preset=&#8221;default&#8221; global_colors_info=&#8221;{}&#8221;][et_pb_column type=&#8221;1_3&#8243; _builder_version=&#8221;4.17.3&#8243; _module_preset=&#8221;default&#8221; global_colors_info=&#8221;{}&#8221;][et_pb_image src=&#8221;https:\/\/www.ime-light.de\/wp-content\/uploads\/2023\/06\/service-umbau-akkulift-01.jpg&#8221; title_text=&#8221;service-umbau-akkulift-01&#8243; _builder_version=&#8221;4.21.0&#8243; _module_preset=&#8221;default&#8221; global_colors_info=&#8221;{}&#8221;][\/et_pb_image][\/et_pb_column][et_pb_column type=&#8221;1_3&#8243; _builder_version=&#8221;4.17.3&#8243; _module_preset=&#8221;default&#8221; global_colors_info=&#8221;{}&#8221;][et_pb_image src=&#8221;https:\/\/www.ime-light.de\/wp-content\/uploads\/2023\/06\/service-umbau-akkulift-02.jpg&#8221; title_text=&#8221;service-umbau-akkulift-02&#8243; _builder_version=&#8221;4.21.0&#8243; _module_preset=&#8221;default&#8221; global_colors_info=&#8221;{}&#8221;][\/et_pb_image][\/et_pb_column][et_pb_column type=&#8221;1_3&#8243; _builder_version=&#8221;4.17.3&#8243; _module_preset=&#8221;default&#8221; global_colors_info=&#8221;{}&#8221;][et_pb_image src=&#8221;https:\/\/www.ime-light.de\/wp-content\/uploads\/2023\/06\/service-umbau-akkulift-03.jpg&#8221; title_text=&#8221;service-umbau-akkulift-03&#8243; _builder_version=&#8221;4.21.0&#8243; _module_preset=&#8221;default&#8221; global_colors_info=&#8221;{}&#8221;][\/et_pb_image][\/et_pb_column][\/et_pb_row][\/et_pb_section]<\/p>\n","protected":false},"excerpt":{"rendered":"<p>IME-LightServiceBuilding the futureThe taskSatisfied customers are the key to repeat purchases. In line with this guiding principle, we not only develop and build reliable, robust systems, but also accompany them throughout their product life. To ensure that these are not just empty phrases, Autolift has the necessary human resources and employs a service team made [&hellip;]<\/p>\n","protected":false},"author":1,"featured_media":0,"parent":0,"menu_order":40,"comment_status":"closed","ping_status":"closed","template":"","meta":{"_et_pb_use_builder":"on","_et_pb_old_content":"","_et_gb_content_width":"","footnotes":""},"class_list":["post-101774","page","type-page","status-publish","hentry"],"_links":{"self":[{"href":"https:\/\/www.ime-light.de\/en\/wp-json\/wp\/v2\/pages\/101774","targetHints":{"allow":["GET"]}}],"collection":[{"href":"https:\/\/www.ime-light.de\/en\/wp-json\/wp\/v2\/pages"}],"about":[{"href":"https:\/\/www.ime-light.de\/en\/wp-json\/wp\/v2\/types\/page"}],"author":[{"embeddable":true,"href":"https:\/\/www.ime-light.de\/en\/wp-json\/wp\/v2\/users\/1"}],"replies":[{"embeddable":true,"href":"https:\/\/www.ime-light.de\/en\/wp-json\/wp\/v2\/comments?post=101774"}],"version-history":[{"count":5,"href":"https:\/\/www.ime-light.de\/en\/wp-json\/wp\/v2\/pages\/101774\/revisions"}],"predecessor-version":[{"id":101867,"href":"https:\/\/www.ime-light.de\/en\/wp-json\/wp\/v2\/pages\/101774\/revisions\/101867"}],"wp:attachment":[{"href":"https:\/\/www.ime-light.de\/en\/wp-json\/wp\/v2\/media?parent=101774"}],"curies":[{"name":"wp","href":"https:\/\/api.w.org\/{rel}","templated":true}]}}